{"id":1013,"date":"2025-06-10T10:20:55","date_gmt":"2025-06-10T10:20:55","guid":{"rendered":"https:\/\/dignity-network.ch\/alaturati-va-noua\/"},"modified":"2026-03-20T07:26:42","modified_gmt":"2026-03-20T07:26:42","slug":"alaturati-va-noua","status":"publish","type":"page","link":"https:\/\/dignity-network.ch\/ro\/alaturati-va-noua\/","title":{"rendered":"Al\u0103tura\u021bi-v\u0103 nou\u0103"},"content":{"rendered":"\n<p class=\"has-text-align-center\"><strong>Dori\u021bi s\u0103 v\u0103 al\u0103tura\u021bi eforturilor noastre din Elve\u021bia \u0219i Germania?<\/strong><\/p>\n\n<p>Sunte\u021bi...<\/p>\n\n<ul class=\"wp-block-list\">\n<li>v\u0103 angaja\u021bi s\u0103 r\u0103m\u00e2ne\u021bi pentru o perioad\u0103 minim\u0103 de 3 luni?<\/li>\n\n\n\n<li>singur (femeie sau b\u0103rbat) sau un cuplu c\u0103s\u0103torit?<\/li>\n\n\n\n<li>o persoan\u0103 cu spirit de pionierat, preg\u0103tit\u0103 s\u0103 deschid\u0103 noi drumuri \u0219i s\u0103 pun\u0103 bazele \u00eentr-un mediu nou, intercultural?<\/li>\n\n\n\n<li>dori\u021bi s\u0103 servi\u021bi \u00een contexte interculturale, accept\u00e2nd obiceiuri \u0219i medii necunoscute?<\/li>\n\n\n\n<li>adaptabil \u0219i capabil s\u0103 se dezvolte \u00een situa\u021bii provocatoare sau dinamice?<\/li>\n\n\n\n<li>un juc\u0103tor de echip\u0103, dornic s\u0103 colaboreze \u00eentr-o echip\u0103 divers\u0103, multicultural\u0103?<\/li>\n\n\n\n<li>cunoa\u0219te\u021bi limba englez\u0103 sau spaniol\u0103?<\/li>\n\n\n\n<li>sunte\u021bi pasionat de justi\u021bie, mai ales c\u00e2nd vine vorba de ap\u0103rarea \u0219i sprijinirea femeilor vulnerabile?<\/li>\n<\/ul>\n\n<p>C\u0103ut\u0103m \u00een mod activ voluntari pe termen scurt (3-6 luni) \u0219i pe termen lung (6 luni \u0219i mai mult).<\/p>\n\n<p>Dac\u0103 sunte\u021bi dumneavoastr\u0103, face\u021bi clic pe butonul de mai jos pentru a completa o cerere.<\/p>\n\n<p><strong>Not\u0103:<\/strong> Acesta este un formular amplu, a\u0219a c\u0103 v\u0103 rug\u0103m s\u0103 v\u0103 rezerva\u021bi suficient timp pentru a-l completa complet. De asemenea, vi se va cere s\u0103 \u00eenc\u0103rca\u021bi <strong>dou\u0103 referin\u021be<\/strong>. <\/p>\n\n<div class=\"wp-block-buttons is-layout-flex wp-block-buttons-is-layout-flex\">\n<div class=\"wp-block-button\"><a class=\"wp-block-button__link wp-element-button\" href=\"https:\/\/dignity-network.ch\/ro\/alaturati-va-noua\/alaturati-va-formularului\/\">Al\u0103tura\u021bi-v\u0103 nou\u0103 acum<\/a><\/div>\n<\/div>\n\n<p><\/p>\n","protected":false},"excerpt":{"rendered":"<p>Dori\u021bi s\u0103 v\u0103 al\u0103tura\u021bi eforturilor noastre din Elve\u021bia \u0219i Germania? Sunte\u021bi... C\u0103ut\u0103m \u00een mod activ voluntari pe termen scurt (3-6 luni) \u0219i pe termen lung (6 luni \u0219i mai mult). Dac\u0103 sunte\u021bi dumneavoastr\u0103, face\u021bi clic pe butonul de mai jos pentru a completa o cerere. Not\u0103: Acesta este un formular amplu, a\u0219a c\u0103 v\u0103 rug\u0103m [&hellip;]<\/p>\n","protected":false},"author":2,"featured_media":0,"parent":0,"menu_order":0,"comment_status":"closed","ping_status":"closed","template":"","meta":{"footnotes":""},"class_list":["post-1013","page","type-page","status-publish","hentry"],"_links":{"self":[{"href":"https:\/\/dignity-network.ch\/ro\/wp-json\/wp\/v2\/pages\/1013","targetHints":{"allow":["GET"]}}],"collection":[{"href":"https:\/\/dignity-network.ch\/ro\/wp-json\/wp\/v2\/pages"}],"about":[{"href":"https:\/\/dignity-network.ch\/ro\/wp-json\/wp\/v2\/types\/page"}],"author":[{"embeddable":true,"href":"https:\/\/dignity-network.ch\/ro\/wp-json\/wp\/v2\/users\/2"}],"replies":[{"embeddable":true,"href":"https:\/\/dignity-network.ch\/ro\/wp-json\/wp\/v2\/comments?post=1013"}],"version-history":[{"count":2,"href":"https:\/\/dignity-network.ch\/ro\/wp-json\/wp\/v2\/pages\/1013\/revisions"}],"predecessor-version":[{"id":1021,"href":"https:\/\/dignity-network.ch\/ro\/wp-json\/wp\/v2\/pages\/1013\/revisions\/1021"}],"wp:attachment":[{"href":"https:\/\/dignity-network.ch\/ro\/wp-json\/wp\/v2\/media?parent=1013"}],"curies":[{"name":"wp","href":"https:\/\/api.w.org\/{rel}","templated":true}]}}