{"id":1011,"date":"2025-06-10T10:20:55","date_gmt":"2025-06-10T10:20:55","guid":{"rendered":"https:\/\/dignity-network.ch\/mitmachen\/"},"modified":"2026-03-20T07:26:57","modified_gmt":"2026-03-20T07:26:57","slug":"mitmachen","status":"publish","type":"page","link":"https:\/\/dignity-network.ch\/de\/mitmachen\/","title":{"rendered":"Mitmachen"},"content":{"rendered":"\n<p class=\"has-text-align-center\"><strong>Haben Sie Lust, unsere Bem\u00fchungen in der Schweiz und in Deutschland zu unterst\u00fctzen?<\/strong><\/p>\n\n<p>Sind Sie...<\/p>\n\n<ul class=\"wp-block-list\">\n<li>sich verpflichtet haben, mindestens 3 Monate lang zu bleiben?<\/li>\n\n\n\n<li>Single (weiblich oder m\u00e4nnlich) oder ein verheiratetes Paar?<\/li>\n\n\n\n<li>jemanden mit Pioniergeist, der bereit ist, neue Wege zu beschreiten und in einem neuen, kultur\u00fcbergreifenden Umfeld den Grundstein zu legen?<\/li>\n\n\n\n<li>die bereit sind, kultur\u00fcbergreifend zu dienen und sich auf ungewohnte Sitten und Umgebungen einzulassen?<\/li>\n\n\n\n<li>anpassungsf\u00e4hig und in der Lage, sich in herausfordernden oder dynamischen Situationen zu behaupten?<\/li>\n\n\n\n<li>ein Teamplayer, der gerne in einem vielf\u00e4ltigen, multikulturellen Team zusammenarbeitet?<\/li>\n\n\n\n<li>Beherrschen Sie Englisch oder Spanisch?<\/li>\n\n\n\n<li>sich leidenschaftlich f\u00fcr Gerechtigkeit einsetzen, insbesondere wenn es darum geht, sich f\u00fcr gef\u00e4hrdete Frauen einzusetzen und sie zu unterst\u00fctzen?<\/li>\n<\/ul>\n\n<p>Wir suchen aktiv sowohl kurzfristige (3-6 Monate) als auch langfristige (6 Monate und l\u00e4nger) Freiwillige.<\/p>\n\n<p>Wenn Sie das sind, klicken Sie auf die Schaltfl\u00e4che unten, um eine Bewerbung auszuf\u00fcllen.<\/p>\n\n<p><strong>Hinweis:<\/strong> Dieses Formular ist sehr umfangreich. Bitte nehmen Sie sich gen\u00fcgend Zeit, um es vollst\u00e4ndig auszuf\u00fcllen. Sie werden au\u00dferdem gebeten, <strong>zwei Referenzen<\/strong> hochzuladen.<\/p>\n\n<div class=\"wp-block-buttons is-layout-flex wp-block-buttons-is-layout-flex\">\n<div class=\"wp-block-button\"><a class=\"wp-block-button__link wp-element-button\" href=\"https:\/\/dignity-network.ch\/de\/mitmachen\/formular-mitmachen\/\">Jetzt mitmachen<\/a><\/div>\n<\/div>\n\n<p><\/p>\n","protected":false},"excerpt":{"rendered":"<p>Haben Sie Lust, unsere Bem\u00fchungen in der Schweiz und in Deutschland zu unterst\u00fctzen? Sind Sie... Wir suchen aktiv sowohl kurzfristige (3-6 Monate) als auch langfristige (6 Monate und l\u00e4nger) Freiwillige. Wenn Sie das sind, klicken Sie auf die Schaltfl\u00e4che unten, um eine Bewerbung auszuf\u00fcllen. Hinweis: Dieses Formular ist sehr umfangreich. Bitte nehmen Sie sich gen\u00fcgend [&hellip;]<\/p>\n","protected":false},"author":2,"featured_media":0,"parent":0,"menu_order":0,"comment_status":"closed","ping_status":"closed","template":"","meta":{"footnotes":""},"class_list":["post-1011","page","type-page","status-publish","hentry"],"_links":{"self":[{"href":"https:\/\/dignity-network.ch\/de\/wp-json\/wp\/v2\/pages\/1011","targetHints":{"allow":["GET"]}}],"collection":[{"href":"https:\/\/dignity-network.ch\/de\/wp-json\/wp\/v2\/pages"}],"about":[{"href":"https:\/\/dignity-network.ch\/de\/wp-json\/wp\/v2\/types\/page"}],"author":[{"embeddable":true,"href":"https:\/\/dignity-network.ch\/de\/wp-json\/wp\/v2\/users\/2"}],"replies":[{"embeddable":true,"href":"https:\/\/dignity-network.ch\/de\/wp-json\/wp\/v2\/comments?post=1011"}],"version-history":[{"count":2,"href":"https:\/\/dignity-network.ch\/de\/wp-json\/wp\/v2\/pages\/1011\/revisions"}],"predecessor-version":[{"id":1024,"href":"https:\/\/dignity-network.ch\/de\/wp-json\/wp\/v2\/pages\/1011\/revisions\/1024"}],"wp:attachment":[{"href":"https:\/\/dignity-network.ch\/de\/wp-json\/wp\/v2\/media?parent=1011"}],"curies":[{"name":"wp","href":"https:\/\/api.w.org\/{rel}","templated":true}]}}